{"id":158,"date":"2024-12-02T14:35:31","date_gmt":"2024-12-02T13:35:31","guid":{"rendered":"https:\/\/fondation.ieseg.fr\/?page_id=158"},"modified":"2025-11-07T11:46:14","modified_gmt":"2025-11-07T10:46:14","slug":"mission","status":"publish","type":"page","link":"https:\/\/fondation.ieseg.fr\/en\/overview\/mission\/","title":{"rendered":"The I\u00c9SEG Foundation&#8217;s mission"},"content":{"rendered":"<pre>Created in 2013, I\u00c9SEG is strengthening the scope of its Foundation's activities in France and abroad.<\/pre>\n<p>Aware of the need to fight against inequalities in access to quality higher education, the I\u00c9SEG Foundation focuses its missions on the social openness of the School. We are fighting against inequalities and developing an educational project that corresponds to the potential of students and future students.<\/p>\n<p>This change is in line with the School&#8217;s ongoing initiatives, such as the accelerated development of its CSR strategy and the creation of an environment where everyone feels included, valued and supported to the best of their abilities.<\/p>\n<p>The I\u00c9SEG&#8217;s Foundation strategy is now developed around three axes, under the prism of social openness: <a href=\"https:\/\/fondation.ieseg.fr\/en\/social-openness\/equal-opportunities\/\">equal opportunities<\/a>, <a href=\"https:\/\/fondation.ieseg.fr\/en\/social-openness\/excellence\/\">excellence<\/a> and <a href=\"https:\/\/fondation.ieseg.fr\/en\/social-openness\/entrepreneurship\/\">entrepreneurship<\/a>.<\/p>\n","protected":false},"excerpt":{"rendered":"<p>Created in 2013, I\u00c9SEG is strengthening the scope of its Foundation&#8217;s activities in France and abroad. Aware of the need to fight against inequalities in access to quality higher education, the I\u00c9SEG Foundation focuses its missions on the social openness of the School. We are fighting against inequalities and developing an educational project that corresponds [&hellip;]<\/p>\n","protected":false},"author":705,"featured_media":0,"parent":123,"menu_order":0,"comment_status":"closed","ping_status":"closed","template":"","meta":[],"yoast_head":"<!-- This site is optimized with the Yoast SEO plugin v19.2 - https:\/\/yoast.com\/wordpress\/plugins\/seo\/ -->\n<title>The I\u00c9SEG Foundation&#039;s mission - Fondation I\u00c9SEG<\/title>\n<meta name=\"robots\" content=\"index, follow, max-snippet:-1, max-image-preview:large, max-video-preview:-1\" \/>\n<link rel=\"canonical\" href=\"https:\/\/fondation.ieseg.fr\/en\/overview\/mission\/\" \/>\n<meta property=\"og:locale\" content=\"en_US\" \/>\n<meta property=\"og:type\" content=\"article\" \/>\n<meta property=\"og:title\" content=\"The I\u00c9SEG Foundation&#039;s mission - Fondation I\u00c9SEG\" \/>\n<meta property=\"og:description\" content=\"Created in 2013, I\u00c9SEG is strengthening the scope of its Foundation&#039;s activities in France and abroad. Aware of the need to fight against inequalities in access to quality higher education, the I\u00c9SEG Foundation focuses its missions on the social openness of the School. We are fighting against inequalities and developing an educational project that corresponds [&hellip;]\" \/>\n<meta property=\"og:url\" content=\"https:\/\/fondation.ieseg.fr\/en\/overview\/mission\/\" \/>\n<meta property=\"og:site_name\" content=\"Fondation I\u00c9SEG\" \/>\n<meta property=\"article:modified_time\" content=\"2025-11-07T10:46:14+00:00\" \/>\n<meta name=\"author\" content=\"anaisandreosso\" \/>\n<meta name=\"twitter:card\" content=\"summary\" \/>\n<meta name=\"twitter:label1\" content=\"Est. reading time\" \/>\n\t<meta name=\"twitter:data1\" content=\"1 minute\" \/>\n<script type=\"application\/ld+json\" class=\"yoast-schema-graph\">{\"@context\":\"https:\/\/schema.org\",\"@graph\":[{\"@type\":\"WebSite\",\"@id\":\"https:\/\/fondation.ieseg.fr\/#website\",\"url\":\"https:\/\/fondation.ieseg.fr\/\",\"name\":\"Fondation I\u00c9SEG\",\"description\":\"\",\"potentialAction\":[{\"@type\":\"SearchAction\",\"target\":{\"@type\":\"EntryPoint\",\"urlTemplate\":\"https:\/\/fondation.ieseg.fr\/?s={search_term_string}\"},\"query-input\":\"required name=search_term_string\"}],\"inLanguage\":\"en-US\"},{\"@type\":\"WebPage\",\"@id\":\"https:\/\/fondation.ieseg.fr\/en\/overview\/mission\/#webpage\",\"url\":\"https:\/\/fondation.ieseg.fr\/en\/overview\/mission\/\",\"name\":\"The I\u00c9SEG Foundation's mission - Fondation I\u00c9SEG\",\"isPartOf\":{\"@id\":\"https:\/\/fondation.ieseg.fr\/#website\"},\"datePublished\":\"2024-12-02T13:35:31+00:00\",\"dateModified\":\"2025-11-07T10:46:14+00:00\",\"breadcrumb\":{\"@id\":\"https:\/\/fondation.ieseg.fr\/en\/overview\/mission\/#breadcrumb\"},\"inLanguage\":\"en-US\",\"potentialAction\":[{\"@type\":\"ReadAction\",\"target\":[\"https:\/\/fondation.ieseg.fr\/en\/overview\/mission\/\"]}]},{\"@type\":\"BreadcrumbList\",\"@id\":\"https:\/\/fondation.ieseg.fr\/en\/overview\/mission\/#breadcrumb\",\"itemListElement\":[{\"@type\":\"ListItem\",\"position\":1,\"name\":\"Fondation I\u00c9SEG\",\"item\":\"https:\/\/fondation.ieseg.fr\/\"},{\"@type\":\"ListItem\",\"position\":2,\"name\":\"Overview\",\"item\":\"https:\/\/fondation.ieseg.fr\/en\/overview\/\"},{\"@type\":\"ListItem\",\"position\":3,\"name\":\"The I\u00c9SEG Foundation&rsquo;s mission\"}]}]}<\/script>\n<!-- \/ Yoast SEO plugin. -->","yoast_head_json":{"title":"The I\u00c9SEG Foundation's mission - Fondation I\u00c9SEG","robots":{"index":"index","follow":"follow","max-snippet":"max-snippet:-1","max-image-preview":"max-image-preview:large","max-video-preview":"max-video-preview:-1"},"canonical":"https:\/\/fondation.ieseg.fr\/en\/overview\/mission\/","og_locale":"en_US","og_type":"article","og_title":"The I\u00c9SEG Foundation's mission - Fondation I\u00c9SEG","og_description":"Created in 2013, I\u00c9SEG is strengthening the scope of its Foundation's activities in France and abroad. Aware of the need to fight against inequalities in access to quality higher education, the I\u00c9SEG Foundation focuses its missions on the social openness of the School. We are fighting against inequalities and developing an educational project that corresponds [&hellip;]","og_url":"https:\/\/fondation.ieseg.fr\/en\/overview\/mission\/","og_site_name":"Fondation I\u00c9SEG","article_modified_time":"2025-11-07T10:46:14+00:00","author":"anaisandreosso","twitter_card":"summary","twitter_misc":{"Est. reading time":"1 minute"},"schema":{"@context":"https:\/\/schema.org","@graph":[{"@type":"WebSite","@id":"https:\/\/fondation.ieseg.fr\/#website","url":"https:\/\/fondation.ieseg.fr\/","name":"Fondation I\u00c9SEG","description":"","potentialAction":[{"@type":"SearchAction","target":{"@type":"EntryPoint","urlTemplate":"https:\/\/fondation.ieseg.fr\/?s={search_term_string}"},"query-input":"required name=search_term_string"}],"inLanguage":"en-US"},{"@type":"WebPage","@id":"https:\/\/fondation.ieseg.fr\/en\/overview\/mission\/#webpage","url":"https:\/\/fondation.ieseg.fr\/en\/overview\/mission\/","name":"The I\u00c9SEG Foundation's mission - Fondation I\u00c9SEG","isPartOf":{"@id":"https:\/\/fondation.ieseg.fr\/#website"},"datePublished":"2024-12-02T13:35:31+00:00","dateModified":"2025-11-07T10:46:14+00:00","breadcrumb":{"@id":"https:\/\/fondation.ieseg.fr\/en\/overview\/mission\/#breadcrumb"},"inLanguage":"en-US","potentialAction":[{"@type":"ReadAction","target":["https:\/\/fondation.ieseg.fr\/en\/overview\/mission\/"]}]},{"@type":"BreadcrumbList","@id":"https:\/\/fondation.ieseg.fr\/en\/overview\/mission\/#breadcrumb","itemListElement":[{"@type":"ListItem","position":1,"name":"Fondation I\u00c9SEG","item":"https:\/\/fondation.ieseg.fr\/"},{"@type":"ListItem","position":2,"name":"Overview","item":"https:\/\/fondation.ieseg.fr\/en\/overview\/"},{"@type":"ListItem","position":3,"name":"The I\u00c9SEG Foundation&rsquo;s mission"}]}]}},"_links":{"self":[{"href":"https:\/\/fondation.ieseg.fr\/en\/wp-json\/wp\/v2\/pages\/158"}],"collection":[{"href":"https:\/\/fondation.ieseg.fr\/en\/wp-json\/wp\/v2\/pages"}],"about":[{"href":"https:\/\/fondation.ieseg.fr\/en\/wp-json\/wp\/v2\/types\/page"}],"author":[{"embeddable":true,"href":"https:\/\/fondation.ieseg.fr\/en\/wp-json\/wp\/v2\/users\/705"}],"replies":[{"embeddable":true,"href":"https:\/\/fondation.ieseg.fr\/en\/wp-json\/wp\/v2\/comments?post=158"}],"version-history":[{"count":3,"href":"https:\/\/fondation.ieseg.fr\/en\/wp-json\/wp\/v2\/pages\/158\/revisions"}],"predecessor-version":[{"id":549,"href":"https:\/\/fondation.ieseg.fr\/en\/wp-json\/wp\/v2\/pages\/158\/revisions\/549"}],"up":[{"embeddable":true,"href":"https:\/\/fondation.ieseg.fr\/en\/wp-json\/wp\/v2\/pages\/123"}],"wp:attachment":[{"href":"https:\/\/fondation.ieseg.fr\/en\/wp-json\/wp\/v2\/media?parent=158"}],"curies":[{"name":"wp","href":"https:\/\/api.w.org\/{rel}","templated":true}]}}